{"id":2948,"date":"2026-01-27T06:38:09","date_gmt":"2026-01-27T05:38:09","guid":{"rendered":"https:\/\/classiclinepilates.com\/?post_type=product&#038;p=2948"},"modified":"2026-03-24T17:56:07","modified_gmt":"2026-03-24T16:56:07","slug":"universal-reformer","status":"publish","type":"product","link":"https:\/\/classiclinepilates.com\/es\/producto\/universal-reformer\/","title":{"rendered":"Universal Reformer"},"content":{"rendered":"<div>Reformer Cl\u00e1sico fabricado en madera de haya. Opciones a elegir con o sin torre.<\/div>\n<div><\/div>\n<div class=\"ewa-rteLine\">Este reformer, fabricado con madera de haya vaporizada, ofrece una combinaci\u00f3n perfecta de resistencia y belleza natural. Dise\u00f1ado seg\u00fan las medidas originales del m\u00e9todo cl\u00e1sico de pilates, asegura una experiencia aut\u00e9ntica y efectiva. Su estructura ergon\u00f3mica proporciona comodidad y soporte, permitiendo a los usuarios realizar ejercicios con fluidez y control. Adem\u00e1s, su dise\u00f1o equilibrado, que fusiona la elegancia de la madera de haya con la estabilidad del acero, lo convierte en una pieza tanto funcional como est\u00e9ticamente atractiva. Ideal para principiantes y profesionales, este reformer es la elecci\u00f3n perfecta para aquellos que valoran la calidad y la tradici\u00f3n en su pr\u00e1ctica de pilates.<\/div>\n<div class=\"ewa-rteLine\"><\/div>\n<div class=\"ewa-rteLine\">La combinaci\u00f3n de una estructura robusta y un dise\u00f1o ergon\u00f3mico hace que este Ladder Barrel no solo sea funcional, sino tambi\u00e9n una adici\u00f3n atractiva para cualquier estudio de pilates o gimnasio en casa. Al ofrecer una experiencia aut\u00e9ntica y enriquecedora, permite a los practicantes de pilates experimentar plenamente los principios del m\u00e9todo cl\u00e1sico.<\/div>\n<div class=\"ewa-rteLine\"><\/div>\n<div class=\"ewa-rteLine\">La cinta de agarre para los pies es otra caracter\u00edstica importante, ya que proporciona estabilidad adicional durante los ejercicios, ayudando a prevenir deslizamientos y asegurando que los usuarios mantengan una postura adecuada. Esto es especialmente beneficioso para ejercicios que requieren equilibrio y precisi\u00f3n.<\/div>\n","protected":false},"excerpt":{"rendered":"<p>Reformer Cl\u00e1sico fabricado en madera de haya. Opciones a elegir con o sin torre.<\/p>\n","protected":false},"featured_media":2953,"template":"","meta":{"_acf_changed":false,"_joinchat":[]},"product_brand":[],"product_cat":[110,28],"product_tag":[],"class_list":{"0":"post-2948","1":"product","2":"type-product","3":"status-publish","4":"has-post-thumbnail","6":"product_cat-aparatos","7":"product_cat-reformer","9":"first","10":"instock","11":"taxable","12":"shipping-taxable","13":"purchasable","14":"product-type-variable"},"acf":[],"yoast_head":"<!-- This site is optimized with the Yoast SEO plugin v27.3 - https:\/\/yoast.com\/product\/yoast-seo-wordpress\/ -->\n<title>Universal Reformer - Classic Line Pilates<\/title>\n<meta name=\"robots\" content=\"index, follow, max-snippet:-1, max-image-preview:large, max-video-preview:-1\" \/>\n<link rel=\"canonical\" href=\"https:\/\/classiclinepilates.com\/es\/producto\/universal-reformer\/\" \/>\n<meta property=\"og:locale\" content=\"es_ES\" \/>\n<meta property=\"og:type\" content=\"article\" \/>\n<meta property=\"og:title\" content=\"Universal Reformer - Classic Line Pilates\" \/>\n<meta property=\"og:description\" content=\"Reformer Cl\u00e1sico fabricado en madera de haya. Opciones a elegir con o sin torre.\" \/>\n<meta property=\"og:url\" content=\"https:\/\/classiclinepilates.com\/es\/producto\/universal-reformer\/\" \/>\n<meta property=\"og:site_name\" content=\"Classic Line Pilates\" \/>\n<meta property=\"article:modified_time\" content=\"2026-03-24T16:56:07+00:00\" \/>\n<meta property=\"og:image\" content=\"https:\/\/classiclinepilates.com\/wp-content\/uploads\/2026\/01\/universal-reformer-1.jpg\" \/>\n\t<meta property=\"og:image:width\" content=\"1000\" \/>\n\t<meta property=\"og:image:height\" content=\"750\" \/>\n\t<meta property=\"og:image:type\" content=\"image\/jpeg\" \/>\n<meta name=\"twitter:card\" content=\"summary_large_image\" \/>\n<meta name=\"twitter:label1\" content=\"Tiempo de lectura\" \/>\n\t<meta name=\"twitter:data1\" content=\"2 minutos\" \/>\n<script type=\"application\/ld+json\" class=\"yoast-schema-graph\">{\"@context\":\"https:\\\/\\\/schema.org\",\"@graph\":[{\"@type\":\"WebPage\",\"@id\":\"https:\\\/\\\/classiclinepilates.com\\\/es\\\/producto\\\/universal-reformer\\\/\",\"url\":\"https:\\\/\\\/classiclinepilates.com\\\/es\\\/producto\\\/universal-reformer\\\/\",\"name\":\"Universal Reformer - Classic Line Pilates\",\"isPartOf\":{\"@id\":\"https:\\\/\\\/classiclinepilates.com\\\/es\\\/#website\"},\"primaryImageOfPage\":{\"@id\":\"https:\\\/\\\/classiclinepilates.com\\\/es\\\/producto\\\/universal-reformer\\\/#primaryimage\"},\"image\":{\"@id\":\"https:\\\/\\\/classiclinepilates.com\\\/es\\\/producto\\\/universal-reformer\\\/#primaryimage\"},\"thumbnailUrl\":\"https:\\\/\\\/classiclinepilates.com\\\/wp-content\\\/uploads\\\/2026\\\/01\\\/universal-reformer-1.jpg\",\"datePublished\":\"2026-01-27T05:38:09+00:00\",\"dateModified\":\"2026-03-24T16:56:07+00:00\",\"breadcrumb\":{\"@id\":\"https:\\\/\\\/classiclinepilates.com\\\/es\\\/producto\\\/universal-reformer\\\/#breadcrumb\"},\"inLanguage\":\"es\",\"potentialAction\":[{\"@type\":\"ReadAction\",\"target\":[\"https:\\\/\\\/classiclinepilates.com\\\/es\\\/producto\\\/universal-reformer\\\/\"]}]},{\"@type\":\"ImageObject\",\"inLanguage\":\"es\",\"@id\":\"https:\\\/\\\/classiclinepilates.com\\\/es\\\/producto\\\/universal-reformer\\\/#primaryimage\",\"url\":\"https:\\\/\\\/classiclinepilates.com\\\/wp-content\\\/uploads\\\/2026\\\/01\\\/universal-reformer-1.jpg\",\"contentUrl\":\"https:\\\/\\\/classiclinepilates.com\\\/wp-content\\\/uploads\\\/2026\\\/01\\\/universal-reformer-1.jpg\",\"width\":1000,\"height\":750,\"caption\":\"maquina pilates cl\u00e1sico\"},{\"@type\":\"BreadcrumbList\",\"@id\":\"https:\\\/\\\/classiclinepilates.com\\\/es\\\/producto\\\/universal-reformer\\\/#breadcrumb\",\"itemListElement\":[{\"@type\":\"ListItem\",\"position\":1,\"name\":\"Inicio\",\"item\":\"https:\\\/\\\/classiclinepilates.com\\\/es\\\/\"},{\"@type\":\"ListItem\",\"position\":2,\"name\":\"PRODUCTOS\",\"item\":\"https:\\\/\\\/classiclinepilates.com\\\/es\\\/productos\\\/\"},{\"@type\":\"ListItem\",\"position\":3,\"name\":\"Universal Reformer\"}]},{\"@type\":\"WebSite\",\"@id\":\"https:\\\/\\\/classiclinepilates.com\\\/es\\\/#website\",\"url\":\"https:\\\/\\\/classiclinepilates.com\\\/es\\\/\",\"name\":\"Classic Line Pilates\",\"description\":\"\",\"publisher\":{\"@id\":\"https:\\\/\\\/classiclinepilates.com\\\/es\\\/#organization\"},\"potentialAction\":[{\"@type\":\"SearchAction\",\"target\":{\"@type\":\"EntryPoint\",\"urlTemplate\":\"https:\\\/\\\/classiclinepilates.com\\\/es\\\/?s={search_term_string}\"},\"query-input\":{\"@type\":\"PropertyValueSpecification\",\"valueRequired\":true,\"valueName\":\"search_term_string\"}}],\"inLanguage\":\"es\"},{\"@type\":\"Organization\",\"@id\":\"https:\\\/\\\/classiclinepilates.com\\\/es\\\/#organization\",\"name\":\"Classic Line Pilates\",\"url\":\"https:\\\/\\\/classiclinepilates.com\\\/es\\\/\",\"logo\":{\"@type\":\"ImageObject\",\"inLanguage\":\"es\",\"@id\":\"https:\\\/\\\/classiclinepilates.com\\\/es\\\/#\\\/schema\\\/logo\\\/image\\\/\",\"url\":\"https:\\\/\\\/classiclinepilates.com\\\/wp-content\\\/uploads\\\/2025\\\/04\\\/Logo.png\",\"contentUrl\":\"https:\\\/\\\/classiclinepilates.com\\\/wp-content\\\/uploads\\\/2025\\\/04\\\/Logo.png\",\"width\":800,\"height\":671,\"caption\":\"Classic Line Pilates\"},\"image\":{\"@id\":\"https:\\\/\\\/classiclinepilates.com\\\/es\\\/#\\\/schema\\\/logo\\\/image\\\/\"}}]}<\/script>\n<!-- \/ Yoast SEO plugin. -->","yoast_head_json":{"title":"Universal Reformer - Classic Line Pilates","robots":{"index":"index","follow":"follow","max-snippet":"max-snippet:-1","max-image-preview":"max-image-preview:large","max-video-preview":"max-video-preview:-1"},"canonical":"https:\/\/classiclinepilates.com\/es\/producto\/universal-reformer\/","og_locale":"es_ES","og_type":"article","og_title":"Universal Reformer - Classic Line Pilates","og_description":"Reformer Cl\u00e1sico fabricado en madera de haya. Opciones a elegir con o sin torre.","og_url":"https:\/\/classiclinepilates.com\/es\/producto\/universal-reformer\/","og_site_name":"Classic Line Pilates","article_modified_time":"2026-03-24T16:56:07+00:00","og_image":[{"width":1000,"height":750,"url":"https:\/\/classiclinepilates.com\/wp-content\/uploads\/2026\/01\/universal-reformer-1.jpg","type":"image\/jpeg"}],"twitter_card":"summary_large_image","twitter_misc":{"Tiempo de lectura":"2 minutos"},"schema":{"@context":"https:\/\/schema.org","@graph":[{"@type":"WebPage","@id":"https:\/\/classiclinepilates.com\/es\/producto\/universal-reformer\/","url":"https:\/\/classiclinepilates.com\/es\/producto\/universal-reformer\/","name":"Universal Reformer - Classic Line Pilates","isPartOf":{"@id":"https:\/\/classiclinepilates.com\/es\/#website"},"primaryImageOfPage":{"@id":"https:\/\/classiclinepilates.com\/es\/producto\/universal-reformer\/#primaryimage"},"image":{"@id":"https:\/\/classiclinepilates.com\/es\/producto\/universal-reformer\/#primaryimage"},"thumbnailUrl":"https:\/\/classiclinepilates.com\/wp-content\/uploads\/2026\/01\/universal-reformer-1.jpg","datePublished":"2026-01-27T05:38:09+00:00","dateModified":"2026-03-24T16:56:07+00:00","breadcrumb":{"@id":"https:\/\/classiclinepilates.com\/es\/producto\/universal-reformer\/#breadcrumb"},"inLanguage":"es","potentialAction":[{"@type":"ReadAction","target":["https:\/\/classiclinepilates.com\/es\/producto\/universal-reformer\/"]}]},{"@type":"ImageObject","inLanguage":"es","@id":"https:\/\/classiclinepilates.com\/es\/producto\/universal-reformer\/#primaryimage","url":"https:\/\/classiclinepilates.com\/wp-content\/uploads\/2026\/01\/universal-reformer-1.jpg","contentUrl":"https:\/\/classiclinepilates.com\/wp-content\/uploads\/2026\/01\/universal-reformer-1.jpg","width":1000,"height":750,"caption":"maquina pilates cl\u00e1sico"},{"@type":"BreadcrumbList","@id":"https:\/\/classiclinepilates.com\/es\/producto\/universal-reformer\/#breadcrumb","itemListElement":[{"@type":"ListItem","position":1,"name":"Inicio","item":"https:\/\/classiclinepilates.com\/es\/"},{"@type":"ListItem","position":2,"name":"PRODUCTOS","item":"https:\/\/classiclinepilates.com\/es\/productos\/"},{"@type":"ListItem","position":3,"name":"Universal Reformer"}]},{"@type":"WebSite","@id":"https:\/\/classiclinepilates.com\/es\/#website","url":"https:\/\/classiclinepilates.com\/es\/","name":"Classic Line Pilates","description":"","publisher":{"@id":"https:\/\/classiclinepilates.com\/es\/#organization"},"potentialAction":[{"@type":"SearchAction","target":{"@type":"EntryPoint","urlTemplate":"https:\/\/classiclinepilates.com\/es\/?s={search_term_string}"},"query-input":{"@type":"PropertyValueSpecification","valueRequired":true,"valueName":"search_term_string"}}],"inLanguage":"es"},{"@type":"Organization","@id":"https:\/\/classiclinepilates.com\/es\/#organization","name":"Classic Line Pilates","url":"https:\/\/classiclinepilates.com\/es\/","logo":{"@type":"ImageObject","inLanguage":"es","@id":"https:\/\/classiclinepilates.com\/es\/#\/schema\/logo\/image\/","url":"https:\/\/classiclinepilates.com\/wp-content\/uploads\/2025\/04\/Logo.png","contentUrl":"https:\/\/classiclinepilates.com\/wp-content\/uploads\/2025\/04\/Logo.png","width":800,"height":671,"caption":"Classic Line Pilates"},"image":{"@id":"https:\/\/classiclinepilates.com\/es\/#\/schema\/logo\/image\/"}}]}},"_links":{"self":[{"href":"https:\/\/classiclinepilates.com\/es\/wp-json\/wp\/v2\/product\/2948","targetHints":{"allow":["GET"]}}],"collection":[{"href":"https:\/\/classiclinepilates.com\/es\/wp-json\/wp\/v2\/product"}],"about":[{"href":"https:\/\/classiclinepilates.com\/es\/wp-json\/wp\/v2\/types\/product"}],"wp:featuredmedia":[{"embeddable":true,"href":"https:\/\/classiclinepilates.com\/es\/wp-json\/wp\/v2\/media\/2953"}],"wp:attachment":[{"href":"https:\/\/classiclinepilates.com\/es\/wp-json\/wp\/v2\/media?parent=2948"}],"wp:term":[{"taxonomy":"product_brand","embeddable":true,"href":"https:\/\/classiclinepilates.com\/es\/wp-json\/wp\/v2\/product_brand?post=2948"},{"taxonomy":"product_cat","embeddable":true,"href":"https:\/\/classiclinepilates.com\/es\/wp-json\/wp\/v2\/product_cat?post=2948"},{"taxonomy":"product_tag","embeddable":true,"href":"https:\/\/classiclinepilates.com\/es\/wp-json\/wp\/v2\/product_tag?post=2948"}],"curies":[{"name":"wp","href":"https:\/\/api.w.org\/{rel}","templated":true}]}}